{"id":118,"date":"2021-09-16T15:13:33","date_gmt":"2021-09-16T13:13:33","guid":{"rendered":"http:\/\/atg-steel.p3group.de\/?page_id=118"},"modified":"2021-11-09T10:02:47","modified_gmt":"2021-11-09T09:02:47","slug":"hem","status":"publish","type":"page","link":"https:\/\/atg-steel.com\/sv\/","title":{"rendered":"Hem"},"content":{"rendered":"<p>[vc_row full_width=&#8221;stretch_row&#8221; equal_height=&#8221;yes&#8221; content_placement=&#8221;middle&#8221; css=&#8221;.vc_custom_1636370431558{padding-top: 80px !important;padding-bottom: 80px !important;background-image: url(\/wp-content\/uploads\/2021\/09\/ATG-Header_Betonstahl.jpg?id=266) !important;background-position: center !important;background-repeat: no-repeat !important;background-size: cover !important;}&#8221;][vc_column css=&#8221;.vc_custom_1636370373689{padding-top: 0px !important;padding-right: 0px !important;padding-bottom: 0px !important;padding-left: 0px !important;}&#8221;][vc_single_image image=&#8221;937&#8243; img_size=&#8221;full&#8221; alignment=&#8221;center&#8221; css=&#8221;.vc_custom_1636370456356{margin-bottom: 0px !important;}&#8221; el_class=&#8221;video-modal&#8221;][\/vc_column][\/vc_row][vc_row][vc_column offset=&#8221;vc_col-md-8&#8243;][vc_column_text]<\/p>\n<h1>ATG tyskland, <em>er partner f\u00f6r<\/em> armeringsst\u00e5l<\/h1>\n<p>Hos oss \u00e4r ni i goda h\u00e4nder. Oavsett om ni \u00e4r ett litet eller stort f\u00f6retag s\u00e5 levererar vi r\u00e4tt produkt f\u00f6r ert projekt.[\/vc_column_text][\/vc_column][vc_column offset=&#8221;vc_col-md-4&#8243;][vc_column_text]<\/p>\n<h2><em>We<\/em> reinforce <em>your<\/em> projects<\/h2>\n<p>Vi kombinerar h\u00f6ga kvalitetskrav med \u00e5rtionden av expertis f\u00f6r att p\u00e5 ett optimalt s\u00e4tt hj\u00e4lpa v\u00e5ra kunder.<br \/>\nGenom v\u00e5r tradition och historia s\u00e5 har vi utvecklats till en innovativ och framtidsorienterad f\u00f6retagsgrupp.[\/vc_column_text][\/vc_column][\/vc_row][vc_row][vc_column offset=&#8221;vc_col-md-8&#8243;][vc_single_image image=&#8221;896&#8243; img_size=&#8221;73&#215;73&#8243; el_class=&#8221;float-left&#8221;][vc_column_text el_class=&#8221;blue-text&#8221;]ATG Deutschland GmbH<br \/>\nRheinstra\u00dfe 110-112<br \/>\n45478 M\u00fclheim an der Ruhr[\/vc_column_text][\/vc_column][vc_column offset=&#8221;vc_col-md-4&#8243;][vc_single_image image=&#8221;896&#8243; img_size=&#8221;73&#215;73&#8243; el_class=&#8221;float-left&#8221;][vc_column_text el_class=&#8221;blue-text&#8221;]<a href=\"tel:+4920899950\">Tel +49 (0)208-9995-0<\/a><br \/>\nFax +49 (0)208-9995-179<br \/>\n<a href=\"mailto:germany@atg-steel.com\">Email: germany@atg-steel.com<\/a>[\/vc_column_text][\/vc_column][\/vc_row][vc_row equal_height=&#8221;yes&#8221; el_id=&#8221;leistungen&#8221; css=&#8221;.vc_custom_1636122569843{margin-bottom: 60px !important;}&#8221;][vc_column offset=&#8221;vc_col-md-8&#8243;][vc_column_text css=&#8221;.vc_custom_1636373169716{margin-bottom: 15px !important;}&#8221; el_class=&#8221;text betonstahl&#8221;]<\/p>\n<h2>Armeringsjarn<\/h2>\n<p><span class=\"button-filled\"><a class=\"stretched-link\" href=\"\/sv\/armeringsjarn\/\">L\u00e4s mer<\/a><\/span>[\/vc_column_text][\/vc_column][vc_column width=&#8221;1\/2&#8243; offset=&#8221;vc_col-md-4&#8243;][vc_column_text css=&#8221;.vc_custom_1636373177275{margin-bottom: 15px !important;}&#8221; el_class=&#8221;text betonstahlmatten&#8221;]<\/p>\n<h2>Armeringsn\u00e4t\u200b<\/h2>\n<p><span class=\"button-outline\"><a class=\"stretched-link\" href=\"\/sv\/armeringsnat\/\">L\u00e4s mer<\/a><\/span>[\/vc_column_text][\/vc_column][vc_column width=&#8221;1\/2&#8243; offset=&#8221;vc_col-md-4&#8243;][vc_column_text css=&#8221;.vc_custom_1636373189723{margin-bottom: 15px !important;}&#8221; el_class=&#8221;text bohrpfaehle&#8221;]<\/p>\n<h2>Sekantp\u00e5lar och Slitsmurar<\/h2>\n<p><span class=\"button-outline\"><a class=\"stretched-link\" href=\"\/sv\/sekantpalar-och-slitsmurar\/\">Mehr lesen<\/a><\/span>[\/vc_column_text][\/vc_column][vc_column width=&#8221;1\/2&#8243; offset=&#8221;vc_col-md-4&#8243;][vc_column_text css=&#8221;.vc_custom_1636373199532{margin-bottom: 15px !important;}&#8221; el_class=&#8221;text stahlbau&#8221;]<\/p>\n<h2>St\u00e5lkonstruktion och svetsning<\/h2>\n<p><span class=\"button-outline\"><a class=\"stretched-link\" href=\"\/sv\/stalkonstruktion-och-svetsning\/\">L\u00e4s mer<\/a><\/span>[\/vc_column_text][\/vc_column][vc_column width=&#8221;1\/2&#8243; offset=&#8221;vc_col-md-4&#8243;][vc_column_text css=&#8221;.vc_custom_1636373210435{margin-bottom: 15px !important;}&#8221; el_class=&#8221;text logistik&#8221;]<\/p>\n<h2>Logistik<\/h2>\n<p><span class=\"button-outline\"><a class=\"stretched-link\" href=\"\/sv\/logistik\/\">L\u00e4s mer<\/a><\/span>[\/vc_column_text][\/vc_column][\/vc_row][vc_row equal_height=&#8221;yes&#8221; css=&#8221;.vc_custom_1636122575418{margin-bottom: 60px !important;}&#8221;][vc_column offset=&#8221;vc_col-md-8&#8243;][vc_single_image image=&#8221;924&#8243; img_size=&#8221;full&#8221; onclick=&#8221;custom_link&#8221; link=&#8221;\/atgemeinsam\/&#8221;][\/vc_column][vc_column width=&#8221;1\/2&#8243; offset=&#8221;vc_col-md-4&#8243;][vc_single_image image=&#8221;911&#8243; img_size=&#8221;full&#8221; onclick=&#8221;custom_link&#8221; link=&#8221;\/referenzen\/&#8221;][\/vc_column][vc_column width=&#8221;1\/2&#8243; offset=&#8221;vc_col-md-4&#8243;][vc_single_image image=&#8221;907&#8243; img_size=&#8221;full&#8221; onclick=&#8221;custom_link&#8221; link=&#8221;\/atg-news\/&#8221;][\/vc_column][vc_column width=&#8221;1\/2&#8243; offset=&#8221;vc_col-md-4&#8243;][vc_single_image image=&#8221;919&#8243; img_size=&#8221;full&#8221; onclick=&#8221;custom_link&#8221; link=&#8221;https:\/\/karriere.atg-steel.com&#8221;][\/vc_column][vc_column width=&#8221;1\/2&#8243; offset=&#8221;vc_col-md-4&#8243;][vc_single_image image=&#8221;915&#8243; img_size=&#8221;full&#8221; onclick=&#8221;custom_link&#8221; link=&#8221;\/standorte\/&#8221;][\/vc_column][\/vc_row][vc_row css=&#8221;.vc_custom_1636370686210{margin-bottom: 0px !important;}&#8221;][vc_column css=&#8221;.vc_custom_1636370696811{padding-top: 0px !important;}&#8221;]<div class=\"modal\" id=\"modal-69f8a1bf3d93a\" tabindex=\"-1\" aria-hidden=\"true\"><div class=\"modal-dialog modal-dialog-centered modal-dialog-scrollable modal-xl\"><div class=\"modal-content\"><div class=\"modal-header\"><button type=\"button\" class=\"close\" data-dismiss=\"modal\" aria-label=\"Schlie\u00dfen\"><span aria-hidden=\"true\">&times;<\/span><\/button><\/div><div class=\"modal-body\">[vc_raw_html]JTNDZGl2JTIwY2xhc3MlM0QlMjJlbWJlZC1yZXNwb25zaXZlJTIwZW1iZWQtcmVzcG9uc2l2ZS0xNmJ5OSUyMiUzRSUwQSUzQ2lmcmFtZSUyMHdpZHRoJTNEJTIyMTAwJTI1JTIyJTIwaGVpZ2h0JTNEJTIyMzYwJTIyJTIwZnJhbWVib3JkZXIlM0QlMjIwJTIyJTIwd2Via2l0YWxsb3dmdWxsc2NyZWVuJTNEJTIyJTIyJTIwbW96YWxsb3dmdWxsc2NyZWVuJTNEJTIyJTIyJTIwYWxsb3dmdWxsc2NyZWVuJTNEJTIyJTIyJTIwZGF0YS1jb29raWVjb25zZW50JTNEJTIybWFya2V0aW5nJTIyJTIwY2xhc3MlM0QlMjIlMjBjb29raWVjb25zZW50LW9wdGluLW1hcmtldGluZyUyMiUyMHNyYyUzRCUyMmh0dHBzJTNBJTJGJTJGd3d3LnlvdXR1YmUtbm9jb29raWUuY29tJTJGZW1iZWQlMkZjZ0wzQ2xuSHRnbyUzRnJlbCUzRDAlMjIlMjBzdHlsZSUzRCUyMmRpc3BsYXklM0ElMjBibG9jayUzQiUyMiUzRSUzQyUyRmlmcmFtZSUzRSUwQSUzQyUyRmRpdiUzRQ==[\/vc_raw_html]<\/div><\/div><\/div><\/div><script>jQuery(\".video-modal\").click(function(){jQuery(\"#modal-69f8a1bf3d93a\").modal();});jQuery(\"#modal-69f8a1bf3d93a\").on(\"hide.bs.modal\",function(){var $iframe=jQuery(this).find(\"iframe\"),src=$iframe.attr(\"src\");$iframe.attr(\"src\",\"\");$iframe.attr(\"src\",src);});<\/script>[\/vc_column][\/vc_row][vc_row full_width=&#8221;stretch_row&#8221; equal_height=&#8221;yes&#8221; content_placement=&#8221;middle&#8221; css=&#8221;.vc_custom_1632143685498{margin-bottom: 0px !important;background-image: url(\/wp-content\/uploads\/2021\/09\/ATG-Header-Firmen-Infos.jpg?id=262) !important;background-position: center !important;background-repeat: no-repeat !important;background-size: cover !important;}&#8221; el_id=&#8221;facts&#8221;][vc_column width=&#8221;1\/3&#8243;][vc_column_text]<i class=\"fas fa-globe\"><\/i><br \/>\n<strong>Standorte<\/strong><br \/>\n6[\/vc_column_text][\/vc_column][vc_column width=&#8221;1\/3&#8243;][vc_column_text]<i class=\"fas fa-warehouse\"><\/i><br \/>\n<strong>Lagerkapazit\u00e4t<\/strong><br \/>\n&gt; 80.000 T[\/vc_column_text][\/vc_column][vc_column width=&#8221;1\/3&#8243;][vc_column_text]<i class=\"fas fa-cogs\"><\/i><br \/>\n<strong>Aktuelle Projekte<\/strong><br \/>\n443[\/vc_column_text][\/vc_column][\/vc_row]<\/p>\n","protected":false},"excerpt":{"rendered":"<p>[vc_row full_width=&#8221;stretch_row&#8221; equal_height=&#8221;yes&#8221; content_placement=&#8221;middle&#8221; css=&#8221;.vc_custom_1636370431558{padding-top: 80px !important;padding-bottom: 80px !important;background-image: url(\/wp-content\/uploads\/2021\/09\/ATG-Header_Betonstahl.jpg?id=266) !important;background-position: center !important;background-repeat: no-repeat !important;background-size: cover !important;}&#8221;][vc_column css=&#8221;.vc_custom_1636370373689{padding-top: 0px !important;padding-right: 0px !important;padding-bottom: 0px !important;padding-left: 0px !important;}&#8221;][vc_single_image image=&#8221;937&#8243; img_size=&#8221;full&#8221; alignment=&#8221;center&#8221; css=&#8221;.vc_custom_1636370456356{margin-bottom: 0px !important;}&#8221; el_class=&#8221;video-modal&#8221;][\/vc_column][\/vc_row][vc_row][vc_column offset=&#8221;vc_col-md-8&#8243;][vc_column_text] ATG tyskland, er partner f\u00f6r armeringsst\u00e5l Hos oss \u00e4r ni i goda h\u00e4nder. Oavsett om ni \u00e4r ett litet eller stort [&hellip;]<\/p>\n","protected":false},"author":1,"featured_media":0,"parent":0,"menu_order":0,"comment_status":"closed","ping_status":"closed","template":"","meta":{"footnotes":""},"class_list":["post-118","page","type-page","status-publish","hentry"],"_links":{"self":[{"href":"https:\/\/atg-steel.com\/sv\/wp-json\/wp\/v2\/pages\/118","targetHints":{"allow":["GET"]}}],"collection":[{"href":"https:\/\/atg-steel.com\/sv\/wp-json\/wp\/v2\/pages"}],"about":[{"href":"https:\/\/atg-steel.com\/sv\/wp-json\/wp\/v2\/types\/page"}],"author":[{"embeddable":true,"href":"https:\/\/atg-steel.com\/sv\/wp-json\/wp\/v2\/users\/1"}],"replies":[{"embeddable":true,"href":"https:\/\/atg-steel.com\/sv\/wp-json\/wp\/v2\/comments?post=118"}],"version-history":[{"count":7,"href":"https:\/\/atg-steel.com\/sv\/wp-json\/wp\/v2\/pages\/118\/revisions"}],"predecessor-version":[{"id":1246,"href":"https:\/\/atg-steel.com\/sv\/wp-json\/wp\/v2\/pages\/118\/revisions\/1246"}],"wp:attachment":[{"href":"https:\/\/atg-steel.com\/sv\/wp-json\/wp\/v2\/media?parent=118"}],"curies":[{"name":"wp","href":"https:\/\/api.w.org\/{rel}","templated":true}]}}