{"id":120,"date":"2021-09-16T15:14:05","date_gmt":"2021-09-16T13:14:05","guid":{"rendered":"http:\/\/atg-steel.p3group.de\/?page_id=120"},"modified":"2021-11-08T15:00:04","modified_gmt":"2021-11-08T14:00:04","slug":"om-oss","status":"publish","type":"page","link":"https:\/\/atg-steel.com\/sv\/om-oss\/","title":{"rendered":"Om oss"},"content":{"rendered":"<p>[vc_row full_width=&#8221;stretch_row_content_no_spaces&#8221; el_id=&#8221;page-header&#8221;][vc_column][vc_single_image image=&#8221;1014&#8243; img_size=&#8221;full&#8221;][\/vc_column][\/vc_row][vc_row equal_height=&#8221;yes&#8221; content_placement=&#8221;middle&#8221;][vc_column width=&#8221;1\/2&#8243;][vc_column_text]<\/p>\n<h1><em>V\u00e5rt<\/em> f\u00f6retag<\/h1>\n<p>ATG Deutschland GmbH \u00e4r en del av internationella DITH-koncernen som \u00e4r ett av de ledande f\u00f6retagen i armeringsbranschen. Med huvudkontor i M\u00fclheim an der Ruhr och ytterligare produktionsanl\u00e4ggningar i Monheim, Niemegk, Schwerin, Rostock och Falkenberg i Sverige s\u00e4kerst\u00e4ller ATG en effektiv logistikl\u00f6sning.[\/vc_column_text][\/vc_column][vc_column width=&#8221;1\/2&#8243;][vc_single_image image=&#8221;360&#8243; img_size=&#8221;large&#8221; alignment=&#8221;center&#8221;][\/vc_column][\/vc_row][vc_row full_width=&#8221;stretch_row&#8221; equal_height=&#8221;yes&#8221; content_placement=&#8221;middle&#8221; el_class=&#8221;section-blue&#8221; css=&#8221;.vc_custom_1633427280545{background-color: #eaeaea !important;}&#8221;][vc_column width=&#8221;1\/2&#8243;][vc_single_image image=&#8221;1018&#8243; img_size=&#8221;full&#8221; alignment=&#8221;center&#8221;][\/vc_column][vc_column width=&#8221;1\/2&#8243;][vc_column_text]<\/p>\n<h2><em>Om<\/em> oss<\/h2>\n<p>P\u00e5 ATG \u00e4r kunden i centrum. P\u00e5 alla 6 platser s\u00e4kerst\u00e4ller ett modernt kvalitetshanteringssystem konsekventa processfl\u00f6den. Kvalitet och att leverera i tid \u00e4r av yttersta vikt.[\/vc_column_text][\/vc_column][\/vc_row][vc_row equal_height=&#8221;yes&#8221; content_placement=&#8221;middle&#8221;][vc_column][vc_column_text]<\/p>\n<h2><em>V\u00e5r <\/em>historia<\/h2>\n<p>[\/vc_column_text][vc_row_inner][vc_column_inner width=&#8221;1\/6&#8243; offset=&#8221;vc_hidden-sm vc_hidden-xs&#8221;][\/vc_column_inner][vc_column_inner offset=&#8221;vc_col-md-8&#8243;][vc_column_text css_animation=&#8221;fadeIn&#8221; el_id=&#8221;historie&#8221;]<\/p>\n<ul>\n<li><strong>1951 <\/strong>Stiftelsen f\u00f6r Staba Wuppermann &#038; Co. i D\u00fcsseldorf<\/li>\n<li><strong>1964 <\/strong>Grundande av Groth &#038; Schl\u00fctermann av H.Groth och A.Schl\u00fctermann<\/li>\n<li><strong>1972 <\/strong>Flytt av staba Wuppermann &#038; Co:s huvudkontor fr\u00e5n D\u00fcsseldorf till M\u00fclheim<\/li>\n<li><strong>1977 <\/strong>Namnbyte av Groth &#038; Schl\u00fctermann till Groth Eisenhandel GmbH &#038; Co.KG<\/li>\n<li><strong>1981 <\/strong>Stiftelsen F\u00f6r Norsk Jernverk GmbH i M\u00fclheim<\/li>\n<li><strong>1991 <\/strong>Namnbyte till Fundia GmbH<\/li>\n<li><strong>1992 <\/strong>Fundamentet f\u00f6r produktionanl\u00e4ggningen i Niemegk<\/li>\n<li><strong>2003 <\/strong>F\u00f6rv\u00e4rv av produktionsanl\u00e4ggningarna i Schwerin och Rostock<\/li>\n<li><strong>2006 <\/strong>Fusion av Fundia GmbH och Groth Eisenhandel GmbH &#038; Co.KG. Fortsatt verksamhet under det nya bolaget Ruukki Betonstahl GmbH<\/li>\n<li><strong>2008 <\/strong>Namnbyte till ATG Deutschland GmbH efter byte av aktie\u00e4gare. F\u00f6rs\u00e4ljning av f\u00f6retaget som en del av en tillg\u00e5ngsaff\u00e4r till Bahrain-baserade Hat Holding<\/li>\n<li><strong>2013 <\/strong>F\u00f6rv\u00e4rv av 100% av aktierna av ledningen f\u00f6r ATG Deutschland GmbH inom ramen f\u00f6r en MBO.<\/li>\n<li><strong>2017 <\/strong>Majoritets\u00f6vertagande av ATG Deutschland GmbH av Duferco International Trading Holding (DITH)<\/li>\n<li><strong>2018 <\/strong>2018 Grundande av ATG Scandinavia AB.<\/li>\n<\/ul>\n<p>[\/vc_column_text][\/vc_column_inner][vc_column_inner width=&#8221;1\/6&#8243; offset=&#8221;vc_hidden-sm vc_hidden-xs&#8221;][\/vc_column_inner][\/vc_row_inner][\/vc_column][\/vc_row]<\/p>\n","protected":false},"excerpt":{"rendered":"<p>[vc_row full_width=&#8221;stretch_row_content_no_spaces&#8221; el_id=&#8221;page-header&#8221;][vc_column][vc_single_image image=&#8221;1014&#8243; img_size=&#8221;full&#8221;][\/vc_column][\/vc_row][vc_row equal_height=&#8221;yes&#8221; content_placement=&#8221;middle&#8221;][vc_column width=&#8221;1\/2&#8243;][vc_column_text] V\u00e5rt f\u00f6retag ATG Deutschland GmbH \u00e4r en del av internationella DITH-koncernen som \u00e4r ett av de ledande f\u00f6retagen i armeringsbranschen. Med huvudkontor i M\u00fclheim an der Ruhr och ytterligare produktionsanl\u00e4ggningar i Monheim, Niemegk, Schwerin, Rostock och Falkenberg i Sverige s\u00e4kerst\u00e4ller ATG en effektiv logistikl\u00f6sning.[\/vc_column_text][\/vc_column][vc_column width=&#8221;1\/2&#8243;][vc_single_image image=&#8221;360&#8243; img_size=&#8221;large&#8221; [&hellip;]<\/p>\n","protected":false},"author":1,"featured_media":0,"parent":0,"menu_order":0,"comment_status":"closed","ping_status":"closed","template":"","meta":{"footnotes":""},"class_list":["post-120","page","type-page","status-publish","hentry"],"_links":{"self":[{"href":"https:\/\/atg-steel.com\/sv\/wp-json\/wp\/v2\/pages\/120","targetHints":{"allow":["GET"]}}],"collection":[{"href":"https:\/\/atg-steel.com\/sv\/wp-json\/wp\/v2\/pages"}],"about":[{"href":"https:\/\/atg-steel.com\/sv\/wp-json\/wp\/v2\/types\/page"}],"author":[{"embeddable":true,"href":"https:\/\/atg-steel.com\/sv\/wp-json\/wp\/v2\/users\/1"}],"replies":[{"embeddable":true,"href":"https:\/\/atg-steel.com\/sv\/wp-json\/wp\/v2\/comments?post=120"}],"version-history":[{"count":6,"href":"https:\/\/atg-steel.com\/sv\/wp-json\/wp\/v2\/pages\/120\/revisions"}],"predecessor-version":[{"id":1022,"href":"https:\/\/atg-steel.com\/sv\/wp-json\/wp\/v2\/pages\/120\/revisions\/1022"}],"wp:attachment":[{"href":"https:\/\/atg-steel.com\/sv\/wp-json\/wp\/v2\/media?parent=120"}],"curies":[{"name":"wp","href":"https:\/\/api.w.org\/{rel}","templated":true}]}}