{"id":124,"date":"2021-09-16T15:15:24","date_gmt":"2021-09-16T13:15:24","guid":{"rendered":"http:\/\/atg-steel.p3group.de\/?page_id=124"},"modified":"2021-11-08T20:48:22","modified_gmt":"2021-11-08T19:48:22","slug":"atg-nyheter","status":"publish","type":"page","link":"https:\/\/atg-steel.com\/sv\/atg-nyheter\/","title":{"rendered":"ATG Nyheter"},"content":{"rendered":"<p>[vc_row full_width=&#8221;stretch_row_content_no_spaces&#8221; el_id=&#8221;page-header&#8221;][vc_column][vc_single_image image=&#8221;1050&#8243; img_size=&#8221;full&#8221;][\/vc_column][\/vc_row][vc_row equal_height=&#8221;yes&#8221; content_placement=&#8221;middle&#8221;][vc_column][vc_column_text]<\/p>\n<h1>ATG <em>Nyheter<\/em><\/h1>\n<p>[\/vc_column_text][\/vc_column][\/vc_row][vc_row full_width=&#8221;stretch_row&#8221; equal_height=&#8221;yes&#8221; content_placement=&#8221;middle&#8221; disable_element=&#8221;yes&#8221; el_class=&#8221;section-blue&#8221; css=&#8221;.vc_custom_1636400863171{background-color: #eaeaea !important;}&#8221;][vc_column width=&#8221;1\/2&#8243;][vc_single_image image=&#8221;406&#8243; img_size=&#8221;large&#8221; alignment=&#8221;center&#8221; onclick=&#8221;link_image&#8221;][\/vc_column][vc_column width=&#8221;1\/2&#8243;][vc_column_text]<\/p>\n<h2><em>Die ATG ist<\/em> offiziell Klimaneutral<\/h2>\n<p>Die ATG Deutschland GmbH, sowie die ATG Scandinavia AB ist ab sofort durch die Dekra als klimaneutrales Unternehmen zertifiziert. Durch unsere freiwillige Unterst\u00fctzung der Guanacaste Wind Farm in Costa Rica k\u00f6nnen unvermeidbare Emissionen ausgeglichen werden.[\/vc_column_text][\/vc_column][\/vc_row][vc_row full_width=&#8221;stretch_row&#8221; equal_height=&#8221;yes&#8221; content_placement=&#8221;middle&#8221; el_class=&#8221;section-blue&#8221;][vc_column width=&#8221;1\/2&#8243;][vc_column_text]<\/p>\n<h2><em>Ny produktionsanl\u00e4ggning i<\/em> Falkenberg<\/h2>\n<p>Fr\u00e5n och med 1 oktober 2018 startade vi en produktionsanl\u00e4ggning i Falkenbergs hamn.<\/p>\n<p>Med en lageryta av 8 346 m2 lagerf\u00f6rs armeringsst\u00e5l armeringsmattor och armeringstidistanser.<\/p>\n<p>F\u00f6rutom klippning och bockning av armerat st\u00e5l och armeringsn\u00e4t tillverkar vi svetsade enheter och lentonskarvar.[\/vc_column_text][\/vc_column][vc_column width=&#8221;1\/2&#8243;][vc_single_image image=&#8221;410&#8243; img_size=&#8221;full&#8221; alignment=&#8221;center&#8221;][\/vc_column][\/vc_row][vc_row full_width=&#8221;stretch_row&#8221; equal_height=&#8221;yes&#8221; content_placement=&#8221;middle&#8221; el_class=&#8221;section-blue&#8221; css=&#8221;.vc_custom_1633427280545{background-color: #eaeaea !important;}&#8221;][vc_column width=&#8221;1\/2&#8243;][vc_single_image image=&#8221;316&#8243; img_size=&#8221;full&#8221; alignment=&#8221;center&#8221;][\/vc_column][vc_column width=&#8221;1\/2&#8243;][vc_column_text]<\/p>\n<h2>Lastbilsflottan<\/h2>\n<p>V\u00e5ra senaste lastbilar \u00e4r utrustade med MirrorEye-teknik.<\/p>\n<p>Denna teknik \u00e4r ett intelligent kamerasystem som ers\u00e4tter sidospeglarna p\u00e5 en lastbil. F\u00f6raren ser kamerabilden p\u00e5 en bildsk\u00e4rm i realtid.[\/vc_column_text][\/vc_column][\/vc_row]<\/p>\n","protected":false},"excerpt":{"rendered":"<p>[vc_row full_width=&#8221;stretch_row_content_no_spaces&#8221; el_id=&#8221;page-header&#8221;][vc_column][vc_single_image image=&#8221;1050&#8243; img_size=&#8221;full&#8221;][\/vc_column][\/vc_row][vc_row equal_height=&#8221;yes&#8221; content_placement=&#8221;middle&#8221;][vc_column][vc_column_text] ATG Nyheter [\/vc_column_text][\/vc_column][\/vc_row][vc_row full_width=&#8221;stretch_row&#8221; equal_height=&#8221;yes&#8221; content_placement=&#8221;middle&#8221; disable_element=&#8221;yes&#8221; el_class=&#8221;section-blue&#8221; css=&#8221;.vc_custom_1636400863171{background-color: #eaeaea !important;}&#8221;][vc_column width=&#8221;1\/2&#8243;][vc_single_image image=&#8221;406&#8243; img_size=&#8221;large&#8221; alignment=&#8221;center&#8221; onclick=&#8221;link_image&#8221;][\/vc_column][vc_column width=&#8221;1\/2&#8243;][vc_column_text] Die ATG ist offiziell Klimaneutral Die ATG Deutschland GmbH, sowie die ATG Scandinavia AB ist ab sofort durch die Dekra als klimaneutrales Unternehmen zertifiziert. Durch unsere freiwillige Unterst\u00fctzung der Guanacaste Wind [&hellip;]<\/p>\n","protected":false},"author":1,"featured_media":0,"parent":0,"menu_order":0,"comment_status":"closed","ping_status":"closed","template":"","meta":{"footnotes":""},"class_list":["post-124","page","type-page","status-publish","hentry"],"_links":{"self":[{"href":"https:\/\/atg-steel.com\/sv\/wp-json\/wp\/v2\/pages\/124","targetHints":{"allow":["GET"]}}],"collection":[{"href":"https:\/\/atg-steel.com\/sv\/wp-json\/wp\/v2\/pages"}],"about":[{"href":"https:\/\/atg-steel.com\/sv\/wp-json\/wp\/v2\/types\/page"}],"author":[{"embeddable":true,"href":"https:\/\/atg-steel.com\/sv\/wp-json\/wp\/v2\/users\/1"}],"replies":[{"embeddable":true,"href":"https:\/\/atg-steel.com\/sv\/wp-json\/wp\/v2\/comments?post=124"}],"version-history":[{"count":4,"href":"https:\/\/atg-steel.com\/sv\/wp-json\/wp\/v2\/pages\/124\/revisions"}],"predecessor-version":[{"id":1063,"href":"https:\/\/atg-steel.com\/sv\/wp-json\/wp\/v2\/pages\/124\/revisions\/1063"}],"wp:attachment":[{"href":"https:\/\/atg-steel.com\/sv\/wp-json\/wp\/v2\/media?parent=124"}],"curies":[{"name":"wp","href":"https:\/\/api.w.org\/{rel}","templated":true}]}}