{"id":128,"date":"2021-09-16T15:17:29","date_gmt":"2021-09-16T13:17:29","guid":{"rendered":"http:\/\/atg-steel.p3group.de\/?page_id=128"},"modified":"2021-11-08T21:26:45","modified_gmt":"2021-11-08T20:26:45","slug":"armeringsnat","status":"publish","type":"page","link":"https:\/\/atg-steel.com\/sv\/armeringsnat\/","title":{"rendered":"Armeringsn\u00e4t"},"content":{"rendered":"<p>[vc_row full_width=&#8221;stretch_row_content_no_spaces&#8221; el_id=&#8221;page-header&#8221;][vc_column][vc_single_image image=&#8221;1092&#8243; img_size=&#8221;full&#8221;][\/vc_column][\/vc_row][vc_row equal_height=&#8221;yes&#8221; content_placement=&#8221;middle&#8221;][vc_column offset=&#8221;vc_col-md-6&#8243;][vc_column_text]<\/p>\n<h1>Armeringsn\u00e4t B500A\/B500B<\/h1>\n<p>V\u00e5ra armeringsn\u00e4t \u00e4r fabriksf\u00f6rtillverkade och anv\u00e4nds f\u00f6r f\u00f6rst\u00e4rkning av v\u00e4ggar och bj\u00e4lklag.<br \/>\nV\u00e5ra armeringsn\u00e4t best\u00e5r av tv\u00e5 armeringsst\u00e4nger som korsar varandra i r\u00e4t vinkel och \u00e4r svetsade ihop med hj\u00e4lp av elektrisk motst\u00e5ndspunktssvetsning eller manuell svetsning.[\/vc_column_text][\/vc_column][vc_column offset=&#8221;vc_col-md-6&#8243;][vc_column_text]<div class=\"owl-carousel owl-theme\" data-owl-carousel-options=\"{&quot;responsive&quot;:{&quot;0&quot;:{&quot;items&quot;:1,&quot;margin&quot;:0,&quot;loop&quot;:true,&quot;nav&quot;:true,&quot;dots&quot;:true,&quot;autoplay&quot;:false},&quot;576&quot;:{&quot;items&quot;:1,&quot;margin&quot;:0,&quot;loop&quot;:true,&quot;nav&quot;:true,&quot;dots&quot;:true,&quot;autoplay&quot;:false},&quot;768&quot;:{&quot;items&quot;:1,&quot;margin&quot;:0,&quot;loop&quot;:true,&quot;nav&quot;:true,&quot;dots&quot;:true,&quot;autoplay&quot;:false},&quot;992&quot;:{&quot;items&quot;:1,&quot;margin&quot;:0,&quot;loop&quot;:true,&quot;nav&quot;:true,&quot;dots&quot;:true,&quot;autoplay&quot;:false},&quot;1200&quot;:{&quot;items&quot;:1,&quot;margin&quot;:0,&quot;loop&quot;:true,&quot;nav&quot;:true,&quot;dots&quot;:true,&quot;autoplay&quot;:false}}}\">\r\n\t\t\t<a href=\"https:\/\/atg-steel.com\/wp-content\/uploads\/2021\/10\/atg-steel_betonstahlmatten-1.jpg\" data-lightbox=\"af850c\">\r\n\t\t\t<img loading=\"lazy\" decoding=\"async\" width=\"800\" height=\"600\" src=\"https:\/\/atg-steel.com\/wp-content\/uploads\/2021\/10\/atg-steel_betonstahlmatten-1.jpg\" class=\"attachment-large size-large\" alt=\"\" srcset=\"https:\/\/atg-steel.com\/wp-content\/uploads\/2021\/10\/atg-steel_betonstahlmatten-1.jpg 800w, https:\/\/atg-steel.com\/wp-content\/uploads\/2021\/10\/atg-steel_betonstahlmatten-1-300x225.jpg 300w, https:\/\/atg-steel.com\/wp-content\/uploads\/2021\/10\/atg-steel_betonstahlmatten-1-768x576.jpg 768w\" sizes=\"auto, (max-width: 800px) 100vw, 800px\" \/>\t\t<\/a>\r\n\t\t\t\t<a href=\"https:\/\/atg-steel.com\/wp-content\/uploads\/2021\/10\/atg-steel_betonstahlmatten-2.jpg\" data-lightbox=\"af850c\">\r\n\t\t\t<img loading=\"lazy\" decoding=\"async\" width=\"800\" height=\"600\" src=\"https:\/\/atg-steel.com\/wp-content\/uploads\/2021\/10\/atg-steel_betonstahlmatten-2.jpg\" class=\"attachment-large size-large\" alt=\"\" srcset=\"https:\/\/atg-steel.com\/wp-content\/uploads\/2021\/10\/atg-steel_betonstahlmatten-2.jpg 800w, https:\/\/atg-steel.com\/wp-content\/uploads\/2021\/10\/atg-steel_betonstahlmatten-2-300x225.jpg 300w, https:\/\/atg-steel.com\/wp-content\/uploads\/2021\/10\/atg-steel_betonstahlmatten-2-768x576.jpg 768w\" sizes=\"auto, (max-width: 800px) 100vw, 800px\" \/>\t\t<\/a>\r\n\t\t\t\t<a href=\"https:\/\/atg-steel.com\/wp-content\/uploads\/2021\/10\/atg-steel_betonstahlmatten-3.jpg\" data-lightbox=\"af850c\">\r\n\t\t\t<img loading=\"lazy\" decoding=\"async\" width=\"800\" height=\"600\" src=\"https:\/\/atg-steel.com\/wp-content\/uploads\/2021\/10\/atg-steel_betonstahlmatten-3.jpg\" class=\"attachment-large size-large\" alt=\"\" srcset=\"https:\/\/atg-steel.com\/wp-content\/uploads\/2021\/10\/atg-steel_betonstahlmatten-3.jpg 800w, https:\/\/atg-steel.com\/wp-content\/uploads\/2021\/10\/atg-steel_betonstahlmatten-3-300x225.jpg 300w, https:\/\/atg-steel.com\/wp-content\/uploads\/2021\/10\/atg-steel_betonstahlmatten-3-768x576.jpg 768w\" sizes=\"auto, (max-width: 800px) 100vw, 800px\" \/>\t\t<\/a>\r\n\t\t<\/div>[\/vc_column_text][\/vc_column][\/vc_row][vc_row equal_height=&#8221;yes&#8221; content_placement=&#8221;middle&#8221;][vc_column][vc_column_text]<\/p>\n<h2>Produktdetaljer<\/h2>\n<p>[\/vc_column_text][vc_column_text]Specialn\u00e4t &#038; lagern\u00e4t med m\u00e5tt 2,30\u00d76,00m diameter 6,0-12mm[\/vc_column_text][vc_btn title=&#8221;Matten \u2013 St\u00fcckpreisliste&#8221; i_align=&#8221;right&#8221; i_icon_fontawesome=&#8221;fas fa-download&#8221; add_icon=&#8221;true&#8221; el_class=&#8221;button-outline&#8221; link=&#8221;url:%2Fwp-content%2Fuploads%2F2021%2F10%2FMatten-Stueckpreisliste-E-je-to-07_2011.pdf|target:_blank&#8221;][vc_btn title=&#8221;ATG Gesamt Listen- und Zeichnungsmatten&#8221; i_align=&#8221;right&#8221; i_icon_fontawesome=&#8221;fas fa-download&#8221; add_icon=&#8221;true&#8221; el_class=&#8221;button-outline&#8221; link=&#8221;url:%2Fwp-content%2Fuploads%2F2021%2F10%2FATG-Gesamt-Listen-und-Zeichnungsmatten-10_2020.pdf|target:_blank&#8221;][\/vc_column][\/vc_row][vc_row el_id=&#8221;kontakt&#8221;][vc_column][vc_column_text css=&#8221;.vc_custom_1633439906649{margin-top: 60px !important;margin-bottom: 20px !important;}&#8221;]<\/p>\n<h2 style=\"text-align: center;\">Har du n\u00e5gra fr\u00e5gor? Vill ni best\u00e4lla? Kontakta oss d\u00e5<\/h2>\n<p>[\/vc_column_text][\/vc_column][\/vc_row][vc_row][vc_column][vc_column_text]<p>[vc_row equal_height=&#8221;yes&#8221; el_id=&#8221;standorte&#8221;][vc_column width=&#8221;1\/2&#8243; offset=&#8221;vc_col-md-4&#8243;][vc_column_text]<\/p>\n<h2>M\u00fclheim an der Ruhr<\/h2>\n<p>Rheinstra\u03b2e 110-112<br \/>\n45478 M\u00fclheim an der Ruhr<br \/>\nDeutschland<\/p>\n<p>Tel.:\u00a0<a href=\"callto:+4920829950\">+49 (0) 208\/9995-0<\/a><br \/>\nFax:\u00a0<a href=\"faxto:492089995179\">+49 (0) 208\/9995-179<\/a><br \/>\nE-Mail:\u00a0<a href=\"mailto:germany@atg-steel.com\">germany@atg-steel.com<\/a>[\/vc_column_text][\/vc_column][vc_column width=&#8221;1\/2&#8243; offset=&#8221;vc_col-md-4&#8243;][vc_column_text]<\/p>\n<h2>Monheim<\/h2>\n<p>Robert-Bosch-Stra\u00dfe 15<br \/>\n40789 Monheim<br \/>\nDeutschland<\/p>\n<p>Tel.:\u00a0<a href=\"callto:+492089995284\">+49 (0) 208\/9995-284<\/a><br \/>\nFax:\u00a0<a href=\"faxto:+492173691163\">+49 (0) 2173\/691163<\/a><br \/>\nE-Mail:\u00a0<a href=\"mailto:germany@atg-steel.com\">germany@atg-steel.com<\/a>[\/vc_column_text][\/vc_column][vc_column width=&#8221;1\/2&#8243; offset=&#8221;vc_col-md-4&#8243;][vc_column_text]<\/p>\n<h2>Niemegk<\/h2>\n<p>Treuenbrietzener Stra\u03b2e 30B<br \/>\n14823 Niemegk<br \/>\nDeutschland<\/p>\n<p>Tel.:\u00a0<a href=\"callto:+492089995268\">+49 (0) 208\/9995-268<\/a><br \/>\nFax:\u00a0<a href=\"faxto:+493384351234\">+49 (0) 33843\/51234<\/a><br \/>\nE-Mail:\u00a0<a href=\"mailto:germany@atg-steel.com\">germany@atg-steel.com<\/a>[\/vc_column_text][\/vc_column][vc_column width=&#8221;1\/2&#8243; offset=&#8221;vc_col-md-4&#8243;][vc_column_text]<\/p>\n<h2>Schwerin<\/h2>\n<p>Pampower Str. 58<br \/>\n19061 Schwerin<br \/>\nDeutschland<\/p>\n<p>Tel.:\u00a0<a href=\"callto:+492089995270\">+49 (0) 208\/9995-270<\/a><br \/>\nFax:\u00a0<a href=\"faxto:+49385615967\">+49 (0) 385\/615967<\/a><br \/>\nE-Mail:\u00a0<a href=\"mailto:germany@atg-steel.com\">germany@atg-steel.com<\/a>[\/vc_column_text][\/vc_column][vc_column width=&#8221;1\/2&#8243; offset=&#8221;vc_col-md-4&#8243;][vc_column_text]<\/p>\n<h2>Rostock<\/h2>\n<p>Hainbuchenring 1<br \/>\n18147 Rostock<br \/>\nDeutschland<\/p>\n<p>Tel.:\u00a0<a href=\"callto:+49208\/9995270\">+49 (0) 208\/9995-270<\/a><br \/>\nFax:\u00a0<a href=\"faxto:+49385615967\">+49 (0) 385\/615967<\/a><br \/>\nE-Mail:\u00a0<a href=\"mailto:germany@atg-steel.com\">germany@atg-steel.com<\/a>[\/vc_column_text][\/vc_column][vc_column width=&#8221;1\/2&#8243; offset=&#8221;vc_col-md-4&#8243;][vc_column_text]<\/p>\n<h2>Falkenberg<\/h2>\n<p>Sanddynev\u00e4gen 40<br \/>\n31132\u00a0 Falkenberg<br \/>\nSchweden<\/p>\n<p>Tel.:\u00a0<a href=\"callto:+4634612018\">+46 (0) 346-12018<\/a><br \/>\nE-Mail:\u00a0<a href=\"mailto:sweden@atg-steel.com\">sweden@atg-steel.com<\/a>[\/vc_column_text][\/vc_column][vc_column width=&#8221;1\/2&#8243; offset=&#8221;vc_col-md-4&#8243;][vc_column_text]<\/p>\n<h2>Wismar<\/h2>\n<p>Tonnenhofstra\u00dfe 10a<br \/>\n23970 Wismar<br \/>\nDeutschland<\/p>\n<p>Tel.:\u00a0<a href=\"callto:+4920829950\">+49 (0) 208\/9995-299<\/a><br \/>\nFax:\u00a0<a href=\"faxto:492089995179\">+49 (0) 208\/9995-179<\/a><br \/>\nE-Mail:\u00a0<a href=\"mailto:germany@atg-steel.com\">germany@atg-steel.com<\/a>[\/vc_column_text][\/vc_column][\/vc_row]<\/p>\n[\/vc_column_text][\/vc_column][\/vc_row]<\/p>\n","protected":false},"excerpt":{"rendered":"<p>[vc_row full_width=&#8221;stretch_row_content_no_spaces&#8221; el_id=&#8221;page-header&#8221;][vc_column][vc_single_image image=&#8221;1092&#8243; img_size=&#8221;full&#8221;][\/vc_column][\/vc_row][vc_row equal_height=&#8221;yes&#8221; content_placement=&#8221;middle&#8221;][vc_column offset=&#8221;vc_col-md-6&#8243;][vc_column_text] Armeringsn\u00e4t B500A\/B500B V\u00e5ra armeringsn\u00e4t \u00e4r fabriksf\u00f6rtillverkade och anv\u00e4nds f\u00f6r f\u00f6rst\u00e4rkning av v\u00e4ggar och bj\u00e4lklag. V\u00e5ra armeringsn\u00e4t best\u00e5r av tv\u00e5 armeringsst\u00e4nger som korsar varandra i r\u00e4t vinkel och \u00e4r svetsade ihop med hj\u00e4lp av elektrisk motst\u00e5ndspunktssvetsning eller manuell svetsning.[\/vc_column_text][\/vc_column][vc_column offset=&#8221;vc_col-md-6&#8243;][vc_column_text][\/vc_column_text][\/vc_column][\/vc_row][vc_row equal_height=&#8221;yes&#8221; content_placement=&#8221;middle&#8221;][vc_column][vc_column_text] Produktdetaljer [\/vc_column_text][vc_column_text]Specialn\u00e4t &#038; lagern\u00e4t med m\u00e5tt [&hellip;]<\/p>\n","protected":false},"author":1,"featured_media":0,"parent":0,"menu_order":0,"comment_status":"closed","ping_status":"closed","template":"","meta":{"footnotes":""},"class_list":["post-128","page","type-page","status-publish","hentry"],"_links":{"self":[{"href":"https:\/\/atg-steel.com\/sv\/wp-json\/wp\/v2\/pages\/128","targetHints":{"allow":["GET"]}}],"collection":[{"href":"https:\/\/atg-steel.com\/sv\/wp-json\/wp\/v2\/pages"}],"about":[{"href":"https:\/\/atg-steel.com\/sv\/wp-json\/wp\/v2\/types\/page"}],"author":[{"embeddable":true,"href":"https:\/\/atg-steel.com\/sv\/wp-json\/wp\/v2\/users\/1"}],"replies":[{"embeddable":true,"href":"https:\/\/atg-steel.com\/sv\/wp-json\/wp\/v2\/comments?post=128"}],"version-history":[{"count":3,"href":"https:\/\/atg-steel.com\/sv\/wp-json\/wp\/v2\/pages\/128\/revisions"}],"predecessor-version":[{"id":1096,"href":"https:\/\/atg-steel.com\/sv\/wp-json\/wp\/v2\/pages\/128\/revisions\/1096"}],"wp:attachment":[{"href":"https:\/\/atg-steel.com\/sv\/wp-json\/wp\/v2\/media?parent=128"}],"curies":[{"name":"wp","href":"https:\/\/api.w.org\/{rel}","templated":true}]}}