{"id":134,"date":"2021-09-16T15:20:01","date_gmt":"2021-09-16T13:20:01","guid":{"rendered":"http:\/\/atg-steel.p3group.de\/?page_id=134"},"modified":"2021-11-09T08:14:15","modified_gmt":"2021-11-09T07:14:15","slug":"logistik","status":"publish","type":"page","link":"https:\/\/atg-steel.com\/sv\/logistik\/","title":{"rendered":"Logistik"},"content":{"rendered":"<p>[vc_row full_width=&#8221;stretch_row_content_no_spaces&#8221; el_id=&#8221;page-header&#8221;][vc_column][vc_single_image image=&#8221;537&#8243; img_size=&#8221;full&#8221;][\/vc_column][\/vc_row][vc_row][vc_column offset=&#8221;vc_col-lg-6 vc_col-md-8&#8243;][vc_column_text]<\/p>\n<h1>Logistik<\/h1>\n<p>V\u00e5rt logistikkoncept \u00f6vertygar genom kombinationen av en egen fordonspark och externa partners.<\/p>\n<p>Fr\u00e5n alla produktionsanl\u00e4ggningar  Monheim, M\u00fclheim, Niemegk, Schwerin, Rostock och Falkenberg i Sverige kan ATG leverera till alla byggarbetsplatser flexibelt och i tid.[\/vc_column_text][\/vc_column][\/vc_row][vc_row equal_height=&#8221;yes&#8221; content_placement=&#8221;middle&#8221;][vc_column][vc_row_inner][vc_column_inner width=&#8221;1\/2&#8243; offset=&#8221;vc_col-md-3&#8243;][vc_single_image image=&#8221;541&#8243; img_size=&#8221;large&#8221;][\/vc_column_inner][vc_column_inner width=&#8221;1\/2&#8243; offset=&#8221;vc_col-md-3&#8243;][vc_single_image image=&#8221;545&#8243; img_size=&#8221;large&#8221;][\/vc_column_inner][vc_column_inner width=&#8221;1\/2&#8243; offset=&#8221;vc_col-md-3&#8243;][vc_single_image image=&#8221;549&#8243; img_size=&#8221;large&#8221;][\/vc_column_inner][vc_column_inner width=&#8221;1\/2&#8243; offset=&#8221;vc_col-md-3&#8243;][vc_single_image image=&#8221;553&#8243; img_size=&#8221;large&#8221;][\/vc_column_inner][\/vc_row_inner][\/vc_column][\/vc_row][vc_row el_id=&#8221;kontakt&#8221;][vc_column][vc_column_text css=&#8221;.vc_custom_1633439906649{margin-top: 60px !important;margin-bottom: 20px !important;}&#8221;]<\/p>\n<h2 style=\"text-align: center;\">Har du n\u00e5gra fr\u00e5gor? Vill ni best\u00e4lla? Kontakta oss d\u00e5<\/h2>\n<p>[\/vc_column_text][\/vc_column][\/vc_row][vc_row][vc_column][vc_column_text]<p>[vc_row equal_height=&#8221;yes&#8221; el_id=&#8221;standorte&#8221;][vc_column width=&#8221;1\/2&#8243; offset=&#8221;vc_col-md-4&#8243;][vc_column_text]<\/p>\n<h2>M\u00fclheim an der Ruhr<\/h2>\n<p>Rheinstra\u03b2e 110-112<br \/>\n45478 M\u00fclheim an der Ruhr<br \/>\nDeutschland<\/p>\n<p>Tel.:\u00a0<a href=\"callto:+4920829950\">+49 (0) 208\/9995-0<\/a><br \/>\nFax:\u00a0<a href=\"faxto:492089995179\">+49 (0) 208\/9995-179<\/a><br \/>\nE-Mail:\u00a0<a href=\"mailto:germany@atg-steel.com\">germany@atg-steel.com<\/a>[\/vc_column_text][\/vc_column][vc_column width=&#8221;1\/2&#8243; offset=&#8221;vc_col-md-4&#8243;][vc_column_text]<\/p>\n<h2>Monheim<\/h2>\n<p>Robert-Bosch-Stra\u00dfe 15<br \/>\n40789 Monheim<br \/>\nDeutschland<\/p>\n<p>Tel.:\u00a0<a href=\"callto:+492089995284\">+49 (0) 208\/9995-284<\/a><br \/>\nFax:\u00a0<a href=\"faxto:+492173691163\">+49 (0) 2173\/691163<\/a><br \/>\nE-Mail:\u00a0<a href=\"mailto:germany@atg-steel.com\">germany@atg-steel.com<\/a>[\/vc_column_text][\/vc_column][vc_column width=&#8221;1\/2&#8243; offset=&#8221;vc_col-md-4&#8243;][vc_column_text]<\/p>\n<h2>Niemegk<\/h2>\n<p>Treuenbrietzener Stra\u03b2e 30B<br \/>\n14823 Niemegk<br \/>\nDeutschland<\/p>\n<p>Tel.:\u00a0<a href=\"callto:+492089995268\">+49 (0) 208\/9995-268<\/a><br \/>\nFax:\u00a0<a href=\"faxto:+493384351234\">+49 (0) 33843\/51234<\/a><br \/>\nE-Mail:\u00a0<a href=\"mailto:germany@atg-steel.com\">germany@atg-steel.com<\/a>[\/vc_column_text][\/vc_column][vc_column width=&#8221;1\/2&#8243; offset=&#8221;vc_col-md-4&#8243;][vc_column_text]<\/p>\n<h2>Schwerin<\/h2>\n<p>Pampower Str. 58<br \/>\n19061 Schwerin<br \/>\nDeutschland<\/p>\n<p>Tel.:\u00a0<a href=\"callto:+492089995270\">+49 (0) 208\/9995-270<\/a><br \/>\nFax:\u00a0<a href=\"faxto:+49385615967\">+49 (0) 385\/615967<\/a><br \/>\nE-Mail:\u00a0<a href=\"mailto:germany@atg-steel.com\">germany@atg-steel.com<\/a>[\/vc_column_text][\/vc_column][vc_column width=&#8221;1\/2&#8243; offset=&#8221;vc_col-md-4&#8243;][vc_column_text]<\/p>\n<h2>Rostock<\/h2>\n<p>Hainbuchenring 1<br \/>\n18147 Rostock<br \/>\nDeutschland<\/p>\n<p>Tel.:\u00a0<a href=\"callto:+49208\/9995270\">+49 (0) 208\/9995-270<\/a><br \/>\nFax:\u00a0<a href=\"faxto:+49385615967\">+49 (0) 385\/615967<\/a><br \/>\nE-Mail:\u00a0<a href=\"mailto:germany@atg-steel.com\">germany@atg-steel.com<\/a>[\/vc_column_text][\/vc_column][vc_column width=&#8221;1\/2&#8243; offset=&#8221;vc_col-md-4&#8243;][vc_column_text]<\/p>\n<h2>Falkenberg<\/h2>\n<p>Sanddynev\u00e4gen 40<br \/>\n31132\u00a0 Falkenberg<br \/>\nSchweden<\/p>\n<p>Tel.:\u00a0<a href=\"callto:+4634612018\">+46 (0) 346-12018<\/a><br \/>\nE-Mail:\u00a0<a href=\"mailto:sweden@atg-steel.com\">sweden@atg-steel.com<\/a>[\/vc_column_text][\/vc_column][vc_column width=&#8221;1\/2&#8243; offset=&#8221;vc_col-md-4&#8243;][vc_column_text]<\/p>\n<h2>Wismar<\/h2>\n<p>Tonnenhofstra\u00dfe 10a<br \/>\n23970 Wismar<br \/>\nDeutschland<\/p>\n<p>Tel.:\u00a0<a href=\"callto:+4920829950\">+49 (0) 208\/9995-299<\/a><br \/>\nFax:\u00a0<a href=\"faxto:492089995179\">+49 (0) 208\/9995-179<\/a><br \/>\nE-Mail:\u00a0<a href=\"mailto:germany@atg-steel.com\">germany@atg-steel.com<\/a>[\/vc_column_text][\/vc_column][\/vc_row]<\/p>\n[\/vc_column_text][\/vc_column][\/vc_row]<\/p>\n","protected":false},"excerpt":{"rendered":"<p>[vc_row full_width=&#8221;stretch_row_content_no_spaces&#8221; el_id=&#8221;page-header&#8221;][vc_column][vc_single_image image=&#8221;537&#8243; img_size=&#8221;full&#8221;][\/vc_column][\/vc_row][vc_row][vc_column offset=&#8221;vc_col-lg-6 vc_col-md-8&#8243;][vc_column_text] Logistik V\u00e5rt logistikkoncept \u00f6vertygar genom kombinationen av en egen fordonspark och externa partners. Fr\u00e5n alla produktionsanl\u00e4ggningar Monheim, M\u00fclheim, Niemegk, Schwerin, Rostock och Falkenberg i Sverige kan ATG leverera till alla byggarbetsplatser flexibelt och i tid.[\/vc_column_text][\/vc_column][\/vc_row][vc_row equal_height=&#8221;yes&#8221; content_placement=&#8221;middle&#8221;][vc_column][vc_row_inner][vc_column_inner width=&#8221;1\/2&#8243; offset=&#8221;vc_col-md-3&#8243;][vc_single_image image=&#8221;541&#8243; img_size=&#8221;large&#8221;][\/vc_column_inner][vc_column_inner width=&#8221;1\/2&#8243; offset=&#8221;vc_col-md-3&#8243;][vc_single_image image=&#8221;545&#8243; img_size=&#8221;large&#8221;][\/vc_column_inner][vc_column_inner width=&#8221;1\/2&#8243; offset=&#8221;vc_col-md-3&#8243;][vc_single_image image=&#8221;549&#8243; [&hellip;]<\/p>\n","protected":false},"author":1,"featured_media":0,"parent":0,"menu_order":0,"comment_status":"closed","ping_status":"closed","template":"","meta":{"footnotes":""},"class_list":["post-134","page","type-page","status-publish","hentry"],"_links":{"self":[{"href":"https:\/\/atg-steel.com\/sv\/wp-json\/wp\/v2\/pages\/134","targetHints":{"allow":["GET"]}}],"collection":[{"href":"https:\/\/atg-steel.com\/sv\/wp-json\/wp\/v2\/pages"}],"about":[{"href":"https:\/\/atg-steel.com\/sv\/wp-json\/wp\/v2\/types\/page"}],"author":[{"embeddable":true,"href":"https:\/\/atg-steel.com\/sv\/wp-json\/wp\/v2\/users\/1"}],"replies":[{"embeddable":true,"href":"https:\/\/atg-steel.com\/sv\/wp-json\/wp\/v2\/comments?post=134"}],"version-history":[{"count":4,"href":"https:\/\/atg-steel.com\/sv\/wp-json\/wp\/v2\/pages\/134\/revisions"}],"predecessor-version":[{"id":1158,"href":"https:\/\/atg-steel.com\/sv\/wp-json\/wp\/v2\/pages\/134\/revisions\/1158"}],"wp:attachment":[{"href":"https:\/\/atg-steel.com\/sv\/wp-json\/wp\/v2\/media?parent=134"}],"curies":[{"name":"wp","href":"https:\/\/api.w.org\/{rel}","templated":true}]}}