{"id":146,"date":"2021-09-16T15:23:37","date_gmt":"2021-09-16T13:23:37","guid":{"rendered":"http:\/\/atg-steel.p3group.de\/?page_id=146"},"modified":"2025-09-16T15:56:46","modified_gmt":"2025-09-16T13:56:46","slug":"avtryck","status":"publish","type":"page","link":"https:\/\/atg-steel.com\/sv\/avtryck\/","title":{"rendered":"Avtryck"},"content":{"rendered":"<p>[vc_row full_width=&#8221;stretch_row_content_no_spaces&#8221; el_id=&#8221;page-header&#8221;][vc_column][vc_single_image image=&#8221;1220&#8243; img_size=&#8221;full&#8221;][\/vc_column][\/vc_row][vc_row][vc_column][vc_column_text]<\/p>\n<h1 class=\"elementor-heading-title elementor-size-default\">Avtryck<\/h1>\n<p>[\/vc_column_text][\/vc_column][\/vc_row][vc_row][vc_column offset=&#8221;vc_col-md-4&#8243;][vc_column_text]<strong>ATG Deutschland GmbH<\/strong><br \/>\nRheinstra\u00dfe 110-112<br \/>\nD-45478 M\u00fclheim an der Ruhr<\/p>\n<p>Tel: +49 (0) 208 \/9995-0<br \/>\nFax: +49 (0) 208 \/9995-179<\/p>\n<p>Mail:\u00a0germany@atg-steel.com<br \/>\nWeb:\u00a0www.atg-steel.com<\/p>\n<p>Managing Directors: Bram Hansen (Vors.), Ralf Keller, Bastian Menzenbach<\/p>\n<p>Handelsregister: Amtsgericht Duisburg HRB 19951<\/p>\n<p>USt- ID: DE814907602<\/p>\n<p><strong>Dataskyddsombud:<\/strong><\/p>\n<p>Advokatbyr\u00e5 K\u00f6tz Fusbahn Partnerskapsf\u00f6rening<br \/>\nBlumenstra\u00dfe 7<br \/>\nD-40212 D\u00fcsseldorf4<\/p>\n<p>Du kan kontakta v\u00e5rt dataskyddsombud p\u00e5 datenschutz@atg-steel.de oder<br \/>\neller per postombud, Dataskyddsombud (Datenschutzbeauftragten) c\/o ATG Deutschland GmbH, Rheinstra\u00dfe 110-112, 45478 M\u00fclheim an der Ruhr.<\/p>\n<p>Tel. +49 (o) 211 828 53 6-o<br \/>\nFax +49 (o) 211 828 53 6-29<br \/>\nkanzlei@koetzfusbahn.de www.koetzfusbahn.de[\/vc_column_text][\/vc_column][vc_column offset=&#8221;vc_col-md-8&#8243;][vc_column_text]<strong>Ansvarsfriskrivning<\/strong><\/p>\n<p>ATG Deutschland GmbH g\u00f6r alla rimliga anstr\u00e4ngningar f\u00f6r att tillhandah\u00e5lla korrekt och fullst\u00e4ndig information p\u00e5 denna webbplats. ATG Deutschland GmbH garanterar dock inte att den information som l\u00e4mnas p\u00e5 denna webbplats \u00e4r aktuell, korrekt och fullst\u00e4ndig. Detsamma g\u00e4ller inneh\u00e5llet p\u00e5 externa webbplatser som denna webbplats direkt eller indirekt h\u00e4nvisar till via hyperl\u00e4nkar och \u00f6ver vilka ATG Deutschland GmbH inte har n\u00e5got inflytande.<br \/>\nSekretesspolicy f\u00f6r anv\u00e4ndning av Google Analytics<br \/>\nP\u00e5 denna webbplats anv\u00e4nds Google Analytics, en webbanalystj\u00e4nst som tillhandah\u00e5lls av Google Inc. (\u201cGoogle\u201d). Google Analytics anv\u00e4nder s\u00e5 kallade \u201ccookies\u201d, textfiler som lagras p\u00e5 din dator och som m\u00f6jligg\u00f6r en analys av din anv\u00e4ndning av webbplatsen. Den information som genereras av cookien om din anv\u00e4ndning av denna webbplats \u00f6verf\u00f6rs vanligtvis till en Google-server i USA och lagras d\u00e4r. Om IP-anonymisering aktiveras p\u00e5 denna webbplats kommer din IP-adress dock att trunkeras av Google inom medlemsstater i Europeiska unionen eller i andra avtalsstater i avtalet om Europeiska ekonomiska samarbetsomr\u00e5det.<\/p>\n<p>Endast i undantagsfall kommer hela IP-adressen att \u00f6verf\u00f6ras till en Google-server i USA och trunkeras d\u00e4r. P\u00e5 uppdrag av operat\u00f6ren av denna webbplats kommer Google att anv\u00e4nda denna information i syfte att utv\u00e4rdera din anv\u00e4ndning av webbplatsen, komkompilera rapporter om webbplatsaktivitet och tillhandah\u00e5lla andra tj\u00e4nster som r\u00f6r webbplatsaktivitet och internetanv\u00e4ndning till webbplatsens operat\u00f6r. Den IP-adress som \u00f6verf\u00f6rs av din webbl\u00e4sare inom ramen f\u00f6r Google Analytics kommer inte att sl\u00e5s samman med andra data fr\u00e5n Google.<\/p>\n<p>Du kan f\u00f6rhindra lagring av cookies genom att st\u00e4lla in din webbl\u00e4sares programvara i enlighet med detta; vi vill dock p\u00e5peka att du i detta fall kanske inte kan anv\u00e4nda alla funktioner p\u00e5 denna webbplats i hela utstr\u00e4ckningen. Du kan ocks\u00e5 f\u00f6rhindra insamling av data som genereras av cookien och som r\u00f6r din anv\u00e4ndning av webbplatsen (inklusive din IP-adress) till Google och behandlingen av dessa uppgifter av Google genom att ladda ner och installera det webbl\u00e4sartillbestick som finns tillg\u00e4ngligt p\u00e5 f\u00f6ljande l\u00e4nk: <a href=\"http:\/\/tools.google.com\/dlpage\/gaoptout?hl=de\" target=\"_blank\" rel=\"noopener\">http:\/\/tools.google.com\/dlpage\/gaoptout?hl=de<\/a>.<\/p>\n<p>Ytterligare information om anv\u00e4ndarvillkor och dataskydd finns h\u00e4r eller h\u00e4r. Observera att p\u00e5 denna webbplats Google Analytics har ut\u00f6kats med koden \u201cga(\u2018set\u2019, \u2018anonymizeIp\u2019, sant);\u201df\u00f6r att s\u00e4kerst\u00e4lla enanonymiserad samling av IP-adresser (s\u00e5 kallad IP-maskering).<\/p>\n<p><strong>Privatliv<\/strong><\/p>\n<p>Anv\u00e4ndningen av v\u00e5r webbplats \u00e4r oftast m\u00f6jlig utan att l\u00e4mna personuppgifter. I den m\u00e5n personuppgifter (t.ex. namn, adress eller e-postadresser)samlas in p\u00e5 v\u00e5rwebbplats, detta sker alltid p\u00e5 frivillig basis i m\u00f6jligaste m\u00e5n. Dessa uppgifter kommer inte att vidarebefordras till tredje part utan ditt uttryckliga medgivande.<\/p>\n<p>Vi vill p\u00e5peka att data\u00f6verf\u00f6ring via Internet (t.ex. vid kommunikation via e-post) kan ha s\u00e4kerhetsluckor. Komplett skydd av data mot \u00e5tkomst av tredje part \u00e4r inte m\u00f6jligt.<\/p>\n<p>Anv\u00e4ndningen av kontaktdata som publicerats inom ramen f\u00f6r avtrycksskyldigheten av tredje part f\u00f6r att skicka icke beg\u00e4rd reklam och informationsmaterial har h\u00e4rmed uttryckligen inv\u00e4nts. Operat\u00f6rerna av sidorna f\u00f6rbeh\u00e5ller sig uttryckligen r\u00e4tten att vidta r\u00e4ttsliga \u00e5tg\u00e4rder vid oombedd utskick av reklaminformation, t.ex.<\/p>\n<p><strong>Ansvar f\u00f6r inneh\u00e5ll<\/strong><\/p>\n<p>Inneh\u00e5llet p\u00e5 v\u00e5ra sidor har skapats med st\u00f6rsta omsorg. Vi kan dock inte ta n\u00e5got ansvar f\u00f6r inneh\u00e5llets korrekthet, fullst\u00e4ndighet och hetens avst.o. Som tj\u00e4nsteleverant\u00f6r ansvarar vi f\u00f6r v\u00e5rt eget inneh\u00e5ll p\u00e5 dessa sidor i enlighet med de allm\u00e4nna lagarna i enlighet med avsnitt 7 (1) TMG. I enlighet med avsnitten 8 till 10 i TMG \u00e4r vi dock som tj\u00e4nsteleverant\u00f6r inte skyldiga att \u00f6vervaka \u00f6verf\u00f6rd eller lagrad information fr\u00e5n tredje part eller att unders\u00f6ka omst\u00e4ndigheter som tyder p\u00e5 olaglig verksamhet.<\/p>\n<p>Skyldigheter att avl\u00e4gsna eller blockera anv\u00e4ndningen av information i enlighet med de allm\u00e4nna lagarna f\u00f6rblir op\u00e5verkade. Ansvar i detta avseende \u00e4r dock endast m\u00f6jligt fr\u00e5n och med det \u00f6gonblick d\u00e5 k\u00e4nnedomen om en specifik \u00f6vertr\u00e4delse. Om vi f\u00e5r k\u00e4nnedom om s\u00e5dana \u00f6vertr\u00e4delser kommer vi att ta bort detta inneh\u00e5ll omedelbart.<\/p>\n<p><strong>Ansvar f\u00f6r l\u00e4nkar<\/strong><\/p>\n<p>V\u00e5rt erbjudande inneh\u00e5ller l\u00e4nkar till externa webbplatser av tredje part, p\u00e5 vars inneh\u00e5ll vi inte har n\u00e5got inflytande. D\u00e4rf\u00f6r kan vi inte ta n\u00e5got ansvar f\u00f6r dessa tredjepartsinneh\u00e5ll. Sidornas respektive leverant\u00f6r eller operat\u00f6r ansvarar alltid f\u00f6r inneh\u00e5llet p\u00e5 de l\u00e4nkade sidorna. De l\u00e4nkade sidorna kontrollerades f\u00f6r eventuella r\u00e4ttsliga \u00f6vertr\u00e4delser vid tidpunkten f\u00f6r l\u00e4nkning.<\/p>\n<p>Olagligt tillfredsser var inte igenk\u00e4nnligt p\u00e5 tiden av att anknyter. En permanent kontroll av inneh\u00e5llet p\u00e5 de l\u00e4nkade sidorna \u00e4r dock inte rimlig utan konkreta indikationer p\u00e5 lag\u00f6vertr\u00e4delse. Om vi f\u00e5r k\u00e4nnedom om eventuella lag\u00f6vertr\u00e4delser kommer vi att ta bort s\u00e5dana l\u00e4nkar omedelbart.<\/p>\n<p><strong>Copyright<\/strong><\/p>\n<p>Inneh\u00e5llet och verken som skapats av sajtoperat\u00f6rerna p\u00e5 dessa sidor omfattas av tysk upphovsr\u00e4ttslagstiftning. Den dubblering, redigering, distribution och n\u00e5gon form av utnyttjande utanf\u00f6r gr\u00e4nserna f\u00f6r upphovsr\u00e4tten kr\u00e4ver skriftligt medgivande av respektive f\u00f6rfattare eller skapare.<\/p>\n<p>Nedladdningar och kopior av denna webbplats \u00e4r endast till\u00e5tna f\u00f6r privat, icke-kommersiellt bruk. I den m\u00e5n inneh\u00e5llet p\u00e5 denna sida inte skapades av operat\u00f6ren respekteras tredje parts upphovsr\u00e4tt.<\/p>\n<p>Inneh\u00e5ll fr\u00e5n tredje part markeras s\u00e4rskilt som s\u00e5dant. Skulle du \u00e4nd\u00e5 f\u00e5 k\u00e4nnedom om ett upphovsr\u00e4ttsintr\u00e5ng, v\u00e4nligen notera detta. Om vi f\u00e5r k\u00e4nnedom om n\u00e5gra \u00f6vertr\u00e4delser kommer vi att ta bort s\u00e5dant inneh\u00e5ll omedelbart.<\/p>\n<p><strong>Fotokrediter<\/strong><br \/>\n\u201cMade in Germany\u201d-Logo \u00a9 kotoyamagami \u2013 Fotolia.com<\/p>\n<p><em>Quellen:\u00a0<a href=\"http:\/\/www.e-recht24.de\/muster-disclaimer.htm\" target=\"_blank\" rel=\"noopener\">Disclaimer eRecht24<\/a><\/em>[\/vc_column_text][\/vc_column][\/vc_row]<\/p>\n","protected":false},"excerpt":{"rendered":"<p>[vc_row full_width=&#8221;stretch_row_content_no_spaces&#8221; el_id=&#8221;page-header&#8221;][vc_column][vc_single_image image=&#8221;1220&#8243; img_size=&#8221;full&#8221;][\/vc_column][\/vc_row][vc_row][vc_column][vc_column_text] Avtryck [\/vc_column_text][\/vc_column][\/vc_row][vc_row][vc_column offset=&#8221;vc_col-md-4&#8243;][vc_column_text]ATG Deutschland GmbH Rheinstra\u00dfe 110-112 D-45478 M\u00fclheim an der Ruhr Tel: +49 (0) 208 \/9995-0 Fax: +49 (0) 208 \/9995-179 Mail:\u00a0germany@atg-steel.com Web:\u00a0www.atg-steel.com Managing Directors: Bram Hansen (Vors.), Ralf Keller, Bastian Menzenbach Handelsregister: Amtsgericht Duisburg HRB 19951 USt- ID: DE814907602 Dataskyddsombud: Advokatbyr\u00e5 K\u00f6tz Fusbahn Partnerskapsf\u00f6rening Blumenstra\u00dfe 7 D-40212 D\u00fcsseldorf4 [&hellip;]<\/p>\n","protected":false},"author":1,"featured_media":0,"parent":0,"menu_order":0,"comment_status":"closed","ping_status":"closed","template":"","meta":{"footnotes":""},"class_list":["post-146","page","type-page","status-publish","hentry"],"_links":{"self":[{"href":"https:\/\/atg-steel.com\/sv\/wp-json\/wp\/v2\/pages\/146","targetHints":{"allow":["GET"]}}],"collection":[{"href":"https:\/\/atg-steel.com\/sv\/wp-json\/wp\/v2\/pages"}],"about":[{"href":"https:\/\/atg-steel.com\/sv\/wp-json\/wp\/v2\/types\/page"}],"author":[{"embeddable":true,"href":"https:\/\/atg-steel.com\/sv\/wp-json\/wp\/v2\/users\/1"}],"replies":[{"embeddable":true,"href":"https:\/\/atg-steel.com\/sv\/wp-json\/wp\/v2\/comments?post=146"}],"version-history":[{"count":6,"href":"https:\/\/atg-steel.com\/sv\/wp-json\/wp\/v2\/pages\/146\/revisions"}],"predecessor-version":[{"id":1515,"href":"https:\/\/atg-steel.com\/sv\/wp-json\/wp\/v2\/pages\/146\/revisions\/1515"}],"wp:attachment":[{"href":"https:\/\/atg-steel.com\/sv\/wp-json\/wp\/v2\/media?parent=146"}],"curies":[{"name":"wp","href":"https:\/\/api.w.org\/{rel}","templated":true}]}}